{"id":1865,"date":"2023-10-25T14:00:53","date_gmt":"2023-10-25T12:00:53","guid":{"rendered":"https:\/\/vivasteam.com\/kontaktirajte-nas\/"},"modified":"2024-07-16T14:51:21","modified_gmt":"2024-07-16T12:51:21","slug":"kontaktirajte-nas","status":"publish","type":"page","link":"https:\/\/vivasteam.com\/sr\/kontaktirajte-nas\/","title":{"rendered":"Kontaktirajte nas"},"content":{"rendered":"<div class=\"wpb-content-wrapper\"><p>[vc_row bg_type=&#8220;grad&#8220; bg_override=&#8220;ex-full&#8220; type=&#8220;vc_default&#8220; bg_grad=&#8220;background: -webkit-gradient(linear, left top, left bottom, color-stop(0%, #FFFFFF), color-stop(98%, #F5F5F5));background: -moz-linear-gradient(top,#FFFFFF 0%,#F5F5F5 98%);background: -webkit-linear-gradient(top,#FFFFFF 0%,#F5F5F5 98%);background: -o-linear-gradient(top,#FFFFFF 0%,#F5F5F5 98%);background: -ms-linear-gradient(top,#FFFFFF 0%,#F5F5F5 98%);background: linear-gradient(top,#FFFFFF 0%,#F5F5F5 98%);&#8220; css=&#8220;.vc_custom_1694609936314{margin-bottom: 0px !important;}&#8220;][vc_column offset=&#8220;vc_col-lg-offset-2 vc_col-lg-8 vc_col-md-offset-2 vc_col-md-8&#8243;]<div class=\"ult-spacer spacer-69d2614877d48\" data-id=\"69d2614877d48\" data-height=\"60\" data-height-mobile=\"60\" data-height-tab=\"60\" data-height-tab-portrait=\"60\" data-height-mobile-landscape=\"60\" style=\"clear:both;display:block;\"><\/div>[vc_column_text]<\/p>\n<h1 style=\"text-align: center;\">Kontaktirajte nas<\/h1>\n<p>[\/vc_column_text][vc_empty_space height=&#8220;30px&#8220;][vc_column_text]<\/p>\n<p style=\"text-align: center;\">Hvala vam na interesovanju za na\u0161e proizvode i usluge. Drago nam je \u0161to imamo priliku da se pove\u017eemo sa vama. Bez obzira na to da li imate pitanja, potrebno vam je vi\u0161e informacija ili ste spremni da istra\u017eite moguc\u0301nosti partnerstva, tu smo da vam pomognemo.<\/p>\n<p>[\/vc_column_text][vc_empty_space height=&#8220;60px&#8220;][vc_column_text]\n<div class=\"wpcf7 no-js\" id=\"wpcf7-f1816-o1\" lang=\"en-US\" dir=\"ltr\">\n<div class=\"screen-reader-response\"><p role=\"status\" aria-live=\"polite\" aria-atomic=\"true\"><\/p> <ul><\/ul><\/div>\n<form action=\"\/sr\/wp-json\/wp\/v2\/pages\/1865#wpcf7-f1816-o1\" method=\"post\" class=\"wpcf7-form init\" aria-label=\"Contact form\" novalidate=\"novalidate\" data-status=\"init\">\n<div style=\"display: none;\">\n<input type=\"hidden\" name=\"_wpcf7\" value=\"1816\" \/>\n<input type=\"hidden\" name=\"_wpcf7_version\" value=\"5.9.3\" \/>\n<input type=\"hidden\" name=\"_wpcf7_locale\" value=\"en_US\" \/>\n<input type=\"hidden\" name=\"_wpcf7_unit_tag\" value=\"wpcf7-f1816-o1\" \/>\n<input type=\"hidden\" name=\"_wpcf7_container_post\" value=\"0\" \/>\n<input type=\"hidden\" name=\"_wpcf7_posted_data_hash\" value=\"\" \/>\n<\/div>\n<p><label> Your name<br \/>\n<span class=\"wpcf7-form-control-wrap\" data-name=\"your-name\"><input size=\"40\" class=\"wpcf7-form-control wpcf7-text wpcf7-validates-as-required\" autocomplete=\"name\" aria-required=\"true\" aria-invalid=\"false\" value=\"\" type=\"text\" name=\"your-name\" \/><\/span> <\/label>\n<\/p>\n<p><label> Your email<br \/>\n<span class=\"wpcf7-form-control-wrap\" data-name=\"your-email\"><input size=\"40\" class=\"wpcf7-form-control wpcf7-email wpcf7-validates-as-required wpcf7-text wpcf7-validates-as-email\" autocomplete=\"email\" aria-required=\"true\" aria-invalid=\"false\" value=\"\" type=\"email\" name=\"your-email\" \/><\/span> <\/label>\n<\/p>\n<p><label> Subject<br \/>\n<span class=\"wpcf7-form-control-wrap\" data-name=\"your-subject\"><input size=\"40\" class=\"wpcf7-form-control wpcf7-text wpcf7-validates-as-required\" aria-required=\"true\" aria-invalid=\"false\" value=\"\" type=\"text\" name=\"your-subject\" \/><\/span> <\/label>\n<\/p>\n<p><label> Your message<br \/>\n<span class=\"wpcf7-form-control-wrap\" data-name=\"your-message\"><textarea cols=\"40\" rows=\"10\" class=\"wpcf7-form-control wpcf7-textarea\" aria-invalid=\"false\" name=\"your-message\"><\/textarea><\/span> <\/label>\n<\/p>\n<p><input class=\"wpcf7-form-control wpcf7-submit has-spinner\" type=\"submit\" value=\"Submit\" \/>\n<\/p><div class=\"wpcf7-response-output\" aria-hidden=\"true\"><\/div>\n<\/form>\n<\/div>\n[\/vc_column_text][\/vc_column][\/vc_row][vc_row equal_height=&#8220;yes&#8220; content_placement=&#8220;middle&#8220; bg_type=&#8220;bg_color&#8220; bg_override=&#8220;ex-full&#8220; type=&#8220;vc_default&#8220; css=&#8220;.vc_custom_1694609856742{background-color: #ffffff !important;}&#8220; bg_color_value=&#8220;#ffffff&#8220;][vc_column css=&#8220;.vc_custom_1695041128468{padding-top: 30px !important;padding-bottom: 30px !important;}&#8220; offset=&#8220;vc_col-lg-offset-0 vc_col-lg-12 vc_col-md-offset-0 vc_col-md-12&#8243;][vc_empty_space height=&#8220;30px&#8220;][vc_gmaps link=&#8220;#E-8_JTNDaWZyYW1lJTIwc3JjJTNEJTIyaHR0cHMlM0ElMkYlMkZ3d3cuZ29vZ2xlLmNvbSUyRm1hcHMlMkZlbWJlZCUzRnBiJTNEJTIxMW0xOCUyMTFtMTIlMjExbTMlMjExZDI5MC40NjU0OTczMjIwNjklMjEyZDE0LjU5ODcxMDYyNDczNjE4NyUyMTNkNDYuMTYyOTE5MDAyNzA1NTUlMjEybTMlMjExZjAlMjEyZjAlMjEzZjAlMjEzbTIlMjExaTEwMjQlMjEyaTc2OCUyMTRmMTMuMSUyMTNtMyUyMTFtMiUyMTFzMHg0NzY1MzViM2NmZWUzMTUxJTI1M0EweDVlOTliZjEwZDQ4YjFhNzklMjEyc0FxdWElMjUyMFZpdmElMjUyMGQuby5vLiUyMTVlMCUyMTNtMiUyMTFzZW4lMjEyc3NpJTIxNHYxNjk4MjM0NzI0ODkyJTIxNW0yJTIxMXNlbiUyMTJzc2klMjIlMjB3aWR0aCUzRCUyMjYwMCUyMiUyMGhlaWdodCUzRCUyMjQ1MCUyMiUyMHN0eWxlJTNEJTIyYm9yZGVyJTNBMCUzQiUyMiUyMGFsbG93ZnVsbHNjcmVlbiUzRCUyMiUyMiUyMGxvYWRpbmclM0QlMjJsYXp5JTIyJTIwcmVmZXJyZXJwb2xpY3klM0QlMjJuby1yZWZlcnJlci13aGVuLWRvd25ncmFkZSUyMiUzRSUzQyUyRmlmcmFtZSUzRSUwQSUwQQ==&#8220;][\/vc_column][\/vc_row][vc_row bg_type=&#8220;bg_color&#8220; bg_override=&#8220;ex-full&#8220; type=&#8220;vc_default&#8220; bg_color_value=&#8220;#f5f5f5&#8243; css=&#8220;.vc_custom_1516803630405{padding-top: 45px !important;padding-bottom: 55px !important;}&#8220;][vc_column][vc_column_text]<\/p>\n<h4 style=\"text-align: center;\"><strong>Kontaktirajte nas<\/strong><\/h4>\n<p>[\/vc_column_text][vc_empty_space height=&#8220;25px&#8220;][vc_column_text]<\/p>\n<p style=\"text-align: center;\"><span style=\"color: #333333;\">Aqua Viva d.o.o.<\/span><\/p>\n<p style=\"text-align: center;\"><span style=\"color: #333333;\">Preserska cesta 4, 1235 Radomlje, Slovenia<\/span><\/p>\n<p>[\/vc_column_text][vc_column_text]<\/p>\n<p style=\"text-align: center;\"><span style=\"color: #333333;\">+386 (0)1 724 64 70<\/span><\/p>\n<p>[\/vc_column_text][vc_empty_space height=&#8220;15px&#8220;]<div class=\" vc_custom_1456922448725 uavc-icons-center uavc-icons \">\n<a class=\"aio-tooltip 69d261487fb08\" href=\"https:\/\/www.facebook.com\/vivasteam\/\" target=\"_blank\" rel=\"noopener\"  data-toggle=\"tooltip\" data-placement=\"top\" title=\"facebook\"><div class=\"aio-icon advanced \" data-animation=\"\" data-animation-delay=\"03\" style=\"color:#d0d0d0;background:rgba(0,0,0,0.01);border-style:solid;border-color:#d0d0d0;border-width:2px;width:28px;height:28px;line-height:28px;border-radius:500px;font-size:16px;margin-right:3px;\">\n\t<i class=\"icomoon-the7-font-facebook\"><\/i>\n<\/div><\/a>\n<a class=\"aio-tooltip 69d261487fc1c\" href=\"https:\/\/www.youtube.com\/@VivaSteamCleaner\" target=\"_blank\" rel=\"noopener\"  data-toggle=\"tooltip\" data-placement=\"top\" title=\"youtube\"><div class=\"aio-icon advanced \" data-animation=\"\" data-animation-delay=\"03\" style=\"color:#d0d0d0;background:rgba(0,0,0,0.01);border-style:solid;border-color:#d0d0d0;border-width:2px;width:28px;height:28px;line-height:28px;border-radius:500px;font-size:16px;margin-right:3px;\">\n\t<i class=\"icomoon-the7-font-youtube\"><\/i>\n<\/div><\/a><\/div>[\/vc_column][\/vc_row]<\/p>\n<\/div>","protected":false},"excerpt":{"rendered":"<p>[vc_row bg_type=&#8220;grad&#8220; bg_override=&#8220;ex-full&#8220; type=&#8220;vc_default&#8220; bg_grad=&#8220;background: -webkit-gradient(linear, left top, left bottom, color-stop(0%, #FFFFFF), color-stop(98%, #F5F5F5));background: -moz-linear-gradient(top,#FFFFFF 0%,#F5F5F5 98%);background: -webkit-linear-gradient(top,#FFFFFF 0%,#F5F5F5 98%);background: -o-linear-gradient(top,#FFFFFF 0%,#F5F5F5 98%);background: -ms-linear-gradient(top,#FFFFFF 0%,#F5F5F5 98%);background: linear-gradient(top,#FFFFFF 0%,#F5F5F5 98%);&#8220; css=&#8220;.vc_custom_1694609936314{margin-bottom: 0px !important;}&#8220;][vc_column offset=&#8220;vc_col-lg-offset-2 vc_col-lg-8 vc_col-md-offset-2 vc_col-md-8&#8243;][vc_column_text] Kontaktirajte nas [\/vc_column_text][vc_empty_space height=&#8220;30px&#8220;][vc_column_text] Hvala vam na interesovanju za na\u0161e proizvode i usluge. Drago nam je \u0161to imamo priliku&hellip;<\/p>\n","protected":false},"author":1,"featured_media":0,"parent":0,"menu_order":0,"comment_status":"closed","ping_status":"closed","template":"template-microsite.php","meta":{"om_disable_all_campaigns":false,"_monsterinsights_skip_tracking":false,"_monsterinsights_sitenote_active":false,"_monsterinsights_sitenote_note":"","_monsterinsights_sitenote_category":0,"_uf_show_specific_survey":0,"_uf_disable_surveys":false,"footnotes":""},"class_list":["post-1865","page","type-page","status-publish","hentry","description-off"],"aioseo_notices":[],"_links":{"self":[{"href":"https:\/\/vivasteam.com\/sr\/wp-json\/wp\/v2\/pages\/1865","targetHints":{"allow":["GET"]}}],"collection":[{"href":"https:\/\/vivasteam.com\/sr\/wp-json\/wp\/v2\/pages"}],"about":[{"href":"https:\/\/vivasteam.com\/sr\/wp-json\/wp\/v2\/types\/page"}],"author":[{"embeddable":true,"href":"https:\/\/vivasteam.com\/sr\/wp-json\/wp\/v2\/users\/1"}],"replies":[{"embeddable":true,"href":"https:\/\/vivasteam.com\/sr\/wp-json\/wp\/v2\/comments?post=1865"}],"version-history":[{"count":11,"href":"https:\/\/vivasteam.com\/sr\/wp-json\/wp\/v2\/pages\/1865\/revisions"}],"predecessor-version":[{"id":1876,"href":"https:\/\/vivasteam.com\/sr\/wp-json\/wp\/v2\/pages\/1865\/revisions\/1876"}],"wp:attachment":[{"href":"https:\/\/vivasteam.com\/sr\/wp-json\/wp\/v2\/media?parent=1865"}],"curies":[{"name":"wp","href":"https:\/\/api.w.org\/{rel}","templated":true}]}}