{"id":1586,"date":"2023-09-19T09:06:47","date_gmt":"2023-09-19T07:06:47","guid":{"rendered":"https:\/\/vivasteam.com\/parno-ciscenje-kuhinje\/"},"modified":"2023-09-25T14:22:38","modified_gmt":"2023-09-25T12:22:38","slug":"parno-ciscenje-kuhinje","status":"publish","type":"page","link":"https:\/\/vivasteam.com\/sl\/parno-ciscenje-kuhinje\/","title":{"rendered":"Parno \u010di\u0161\u010denje kuhinje"},"content":{"rendered":"<div class=\"wpb-content-wrapper\"><p>[vc_row bg_type=&#8221;grad&#8221; bg_override=&#8221;ex-full&#8221; type=&#8221;vc_default&#8221; bg_grad=&#8221;background: -webkit-gradient(linear, left top, left bottom, color-stop(0%, #FFFFFF), color-stop(98%, #F5F5F5));background: -moz-linear-gradient(top,#FFFFFF 0%,#F5F5F5 98%);background: -webkit-linear-gradient(top,#FFFFFF 0%,#F5F5F5 98%);background: -o-linear-gradient(top,#FFFFFF 0%,#F5F5F5 98%);background: -ms-linear-gradient(top,#FFFFFF 0%,#F5F5F5 98%);background: linear-gradient(top,#FFFFFF 0%,#F5F5F5 98%);&#8221; css=&#8221;.vc_custom_1694609936314{margin-bottom: 0px !important;}&#8221;][vc_column offset=&#8221;vc_col-lg-offset-2 vc_col-lg-8 vc_col-md-offset-2 vc_col-md-8&#8243;]<div class=\"ult-spacer spacer-69d76e84359f5\" data-id=\"69d76e84359f5\" data-height=\"60\" data-height-mobile=\"60\" data-height-tab=\"60\" data-height-tab-portrait=\"60\" data-height-mobile-landscape=\"60\" style=\"clear:both;display:block;\"><\/div>[vc_column_text]<\/p>\n<h1 style=\"text-align: center;\">Parno \u010di\u0161\u010denje kuhinje<\/h1>\n<p>[\/vc_column_text][vc_empty_space height=&#8221;30px&#8221;][vc_column_text]<\/p>\n<p style=\"text-align: center;\">Parno \u010di\u0161\u010denje kuhinje nudi vrsto prednosti pred obi\u010dajnimi metodami \u010di\u0161\u010denja. Tukaj je nekaj klju\u010dnih koristi uporabe Viva Steam \u010distilnika v kuhinji.<\/p>\n<p>[\/vc_column_text][vc_empty_space height=&#8221;60px&#8221;][\/vc_column][vc_column]<div id=\"ultimate-video-719769d76e8435b93\" class=\"ult-video  ult-adjust-bottom-margin ultimate-video-719769d76e8435b93 ultv-7499 \"><div class=\"ultv-video ultv-aspect-ratio-16_9 ultv-subscribe-responsive-none\" data-videotype=\"uv_iframe\">\n\t\t\t\t\t\t<div class=\"ultv-video__outer-wrap\" data-autoplay=\"0\" data-device=\"false\"  data-iconbg=\"#3A3A3A\" data-overcolor=\"\" data-defaultbg=\"#1f1f1e\" data-defaultplay=\"defaulticon\"><div class=\"ultv-video__play\" data-src=\"https:\/\/www.youtube.com\/embed\/EktrPoW-Hak?rel=0&amp;start&amp;end&amp;controls=1&amp;mute=0&amp;modestbranding=0&amp;autoplay=1\">\n\t\t\t\t\t\t\t\t<img decoding=\"async\" class=\"ultv-video__thumb\" src=\"https:\/\/i.ytimg.com\/vi\/EktrPoW-Hak\/maxresdefault.jpg\"\/>\n\t\t\t\t\t\t\t\t<div class=\"ultv-video__play-icon  ultv-animation-none\" style=\"width:75px\"><svg height=\"100%\" version=\"1.1\" viewBox=\"0 0 68 48\" width=\"100%\"><path class=\"ultv-youtube-icon-bg\" d=\"m .66,37.62 c 0,0 .66,4.70 2.70,6.77 2.58,2.71 5.98,2.63 7.49,2.91 5.43,.52 23.10,.68 23.12,.68 .00,-1.3e-5 14.29,-0.02 23.81,-0.71 1.32,-0.15 4.22,-0.17 6.81,-2.89 2.03,-2.07 2.70,-6.77 2.70,-6.77 0,0 .67,-5.52 .67,-11.04 l 0,-5.17 c 0,-5.52 -0.67,-11.04 -0.67,-11.04 0,0 -0.66,-4.70 -2.70,-6.77 C 62.03,.86 59.13,.84 57.80,.69 48.28,0 34.00,0 34.00,0 33.97,0 19.69,0 10.18,.69 8.85,.84 5.95,.86 3.36,3.58 1.32,5.65 .66,10.35 .66,10.35 c 0,0 -0.55,4.50 -0.66,9.45 l 0,8.36 c .10,4.94 .66,9.45 .66,9.45 z\" fill=\"#1f1f1e\" ><\/path><path d=\"m 26.96,13.67 18.37,9.62 -18.37,9.55 -0.00,-19.17 z\" fill=\"#fff\"><\/path><path d=\"M 45.02,23.46 45.32,23.28 26.96,13.67 43.32,22.34 45.02,23.46 z\" fill=\"#ccc\"><\/path><\/svg><\/div> <\/div> <\/div><\/div><\/div>[\/vc_column][\/vc_row][vc_row equal_height=&#8221;yes&#8221; content_placement=&#8221;middle&#8221; bg_type=&#8221;bg_color&#8221; bg_override=&#8221;ex-full&#8221; type=&#8221;vc_default&#8221; css=&#8221;.vc_custom_1694609856742{background-color: #ffffff !important;}&#8221; bg_color_value=&#8221;#ffffff&#8221;][vc_column css=&#8221;.vc_custom_1695041152222{padding-top: 30px !important;padding-bottom: 30px !important;}&#8221; offset=&#8221;vc_col-lg-offset-0 vc_col-lg-12 vc_col-md-offset-0 vc_col-md-12&#8243;][vc_column_text]<\/p>\n<h2>\u010ci\u0161\u010denje brez kemikalij<\/h2>\n<p>[\/vc_column_text][vc_empty_space height=&#8221;30px&#8221;][vc_column_text]Ena od bistvenih prednosti parnega \u010di\u0161\u010denja je, da izkori\u0161\u010da mo\u010d pare, s \u010dimer odpravi potrebo po uporabi grobih kemi\u010dnih \u010distil. Tako je varna in okolju prijazna re\u0161itev za \u010di\u0161\u010denje va\u0161ih kuhinjskih povr\u0161in, naprav in tal.[\/vc_column_text][\/vc_column][\/vc_row][vc_row equal_height=&#8221;yes&#8221; content_placement=&#8221;middle&#8221; bg_type=&#8221;bg_color&#8221; bg_override=&#8221;ex-full&#8221; type=&#8221;vc_default&#8221; css=&#8221;.vc_custom_1694609856742{background-color: #ffffff !important;}&#8221; bg_color_value=&#8221;#ffffff&#8221;][vc_column css=&#8221;.vc_custom_1695041128468{padding-top: 30px !important;padding-bottom: 30px !important;}&#8221; offset=&#8221;vc_col-lg-offset-0 vc_col-lg-12 vc_col-md-offset-0 vc_col-md-12&#8243;][vc_column_text]<\/p>\n<h2>U\u010dinkovito razku\u017eevanje<\/h2>\n<p>[\/vc_column_text][vc_empty_space height=&#8221;30px&#8221;][vc_column_text]Parni \u010distilniki dosegajo visoke temperature, Viva Steam dose\u017ee 175\u00b0C, kar pomaga uni\u010diti bakterije, bacile in druge patogene. Para u\u010dinkovito razku\u017ei razli\u010dne povr\u0161ine, vklju\u010dno s pulti, pomivalnimi koriti, deskami za rezanje in napravami, s \u010dimer zagotavlja higieni\u010dno okolje v kuhinji.[\/vc_column_text][\/vc_column][\/vc_row][vc_row][vc_column width=&#8221;1\/2&#8243;]<style type=\"text\/css\" data-type=\"the7_shortcodes-inline-css\">.shortcode-single-image-wrap.shortcode-single-image-6ded531ba67c273e01225a29871b3278.enable-bg-rollover .rollover i,\n.shortcode-single-image-wrap.shortcode-single-image-6ded531ba67c273e01225a29871b3278.enable-bg-rollover .rollover-video i {\n  background: -webkit-linear-gradient();\n  background: linear-gradient();\n}\n.shortcode-single-image-wrap.shortcode-single-image-6ded531ba67c273e01225a29871b3278 .rollover-icon {\n  font-size: 32px;\n  color: #ffffff;\n  min-width: 44px;\n  min-height: 44px;\n  line-height: 44px;\n  border-radius: 100px;\n  border-style: solid;\n  border-width: 0px;\n}\n.dt-icon-bg-on.shortcode-single-image-wrap.shortcode-single-image-6ded531ba67c273e01225a29871b3278 .rollover-icon {\n  background: rgba(255,255,255,0.3);\n  box-shadow: none;\n}\n<\/style><div class=\"shortcode-single-image-wrap shortcode-single-image-6ded531ba67c273e01225a29871b3278 alignnone  enable-bg-rollover dt-icon-bg-off\" style=\"margin-top:0px; margin-bottom:0px; margin-left:0px; margin-right:0px; width:600px;\"><div class=\"shortcode-single-image\"><div class=\"fancy-media-wrap  layzr-bg\" style=\"\"><img fetchpriority=\"high\" decoding=\"async\" class=\"preload-me lazy-load aspect\" src=\"data:image\/svg+xml,%3Csvg%20xmlns%3D&#39;http%3A%2F%2Fwww.w3.org%2F2000%2Fsvg&#39;%20viewBox%3D&#39;0%200%20600%20500&#39;%2F%3E\" data-src=\"https:\/\/vivasteam.com\/wp-content\/uploads\/2023\/09\/hood-steam-cleaning.jpg\" data-srcset=\"https:\/\/vivasteam.com\/wp-content\/uploads\/2023\/09\/hood-steam-cleaning.jpg 600w\" loading=\"eager\" sizes=\"(max-width: 600px) 100vw, 600px\" width=\"600\" height=\"500\"  data-dt-location=\"https:\/\/vivasteam.com\/sl\/kitchen-steam-cleaning\/hood-steam-cleaning\/\" style=\"--ratio: 600 \/ 500;\" alt=\"\" \/><\/div><\/div><\/div>[\/vc_column][vc_column width=&#8221;1\/2&#8243;]<style type=\"text\/css\" data-type=\"the7_shortcodes-inline-css\">.shortcode-single-image-wrap.shortcode-single-image-b809bb0dd442acaafd4bdf3e9f375708.enable-bg-rollover .rollover i,\n.shortcode-single-image-wrap.shortcode-single-image-b809bb0dd442acaafd4bdf3e9f375708.enable-bg-rollover .rollover-video i {\n  background: -webkit-linear-gradient();\n  background: linear-gradient();\n}\n.shortcode-single-image-wrap.shortcode-single-image-b809bb0dd442acaafd4bdf3e9f375708 .rollover-icon {\n  font-size: 32px;\n  color: #ffffff;\n  min-width: 44px;\n  min-height: 44px;\n  line-height: 44px;\n  border-radius: 100px;\n  border-style: solid;\n  border-width: 0px;\n}\n.dt-icon-bg-on.shortcode-single-image-wrap.shortcode-single-image-b809bb0dd442acaafd4bdf3e9f375708 .rollover-icon {\n  background: rgba(255,255,255,0.3);\n  box-shadow: none;\n}\n<\/style><div class=\"shortcode-single-image-wrap shortcode-single-image-b809bb0dd442acaafd4bdf3e9f375708 alignnone  enable-bg-rollover dt-icon-bg-off\" style=\"margin-top:0px; margin-bottom:0px; margin-left:0px; margin-right:0px; width:600px;\"><div class=\"shortcode-single-image\"><div class=\"fancy-media-wrap  layzr-bg\" style=\"\"><img decoding=\"async\" class=\"preload-me lazy-load aspect\" src=\"data:image\/svg+xml,%3Csvg%20xmlns%3D&#39;http%3A%2F%2Fwww.w3.org%2F2000%2Fsvg&#39;%20viewBox%3D&#39;0%200%20600%20500&#39;%2F%3E\" data-src=\"https:\/\/vivasteam.com\/wp-content\/uploads\/2023\/09\/grease-steam-removal.jpg\" data-srcset=\"https:\/\/vivasteam.com\/wp-content\/uploads\/2023\/09\/grease-steam-removal.jpg 600w\" loading=\"eager\" sizes=\"(max-width: 600px) 100vw, 600px\" width=\"600\" height=\"500\"  data-dt-location=\"https:\/\/vivasteam.com\/sl\/kitchen-steam-cleaning\/grease-steam-removal\/\" style=\"--ratio: 600 \/ 500;\" alt=\"\" \/><\/div><\/div><\/div>[\/vc_column][\/vc_row][vc_row equal_height=&#8221;yes&#8221; content_placement=&#8221;middle&#8221; bg_type=&#8221;bg_color&#8221; bg_override=&#8221;ex-full&#8221; type=&#8221;vc_default&#8221; css=&#8221;.vc_custom_1694609856742{background-color: #ffffff !important;}&#8221; bg_color_value=&#8221;#ffffff&#8221;][vc_column css=&#8221;.vc_custom_1695041159517{padding-top: 30px !important;padding-bottom: 30px !important;}&#8221; offset=&#8221;vc_col-lg-offset-0 vc_col-lg-12 vc_col-md-offset-0 vc_col-md-12&#8243;][vc_column_text]<\/p>\n<h2>Odstranjevanje ma\u0161\u010dobe in nesnage<\/h2>\n<p>[\/vc_column_text][vc_empty_space height=&#8221;30px&#8221;][vc_column_text]Para prodre v trdovratno ma\u0161\u010dobo in nesnago ter jo raztopi, zato jo la\u017eje odstranite s povr\u0161in. U\u010dinkovito se spoprijema z nakopi\u010denimi ostanki na kuhinjskih plo\u0161\u010dah in \u0161tedilnikih, kuhinjskih napah, pe\u010dicah in drugih kuhinjskih povr\u0161inah, s \u010dimer privar\u010dujete na \u010dasu in trudu.[\/vc_column_text][vc_empty_space height=&#8221;20px&#8221;][\/vc_column][\/vc_row][vc_row equal_height=&#8221;yes&#8221; content_placement=&#8221;middle&#8221; bg_type=&#8221;bg_color&#8221; bg_override=&#8221;ex-full&#8221; type=&#8221;vc_default&#8221; css=&#8221;.vc_custom_1694609856742{background-color: #ffffff !important;}&#8221; bg_color_value=&#8221;#ffffff&#8221;][vc_column css=&#8221;.vc_custom_1695041159517{padding-top: 30px !important;padding-bottom: 30px !important;}&#8221; offset=&#8221;vc_col-lg-offset-0 vc_col-lg-12 vc_col-md-offset-0 vc_col-md-12&#8243;][vc_column_text]<\/p>\n<h2>Vsestransko \u010di\u0161\u010denje<\/h2>\n<p>[\/vc_column_text][vc_empty_space height=&#8221;30px&#8221;][vc_column_text]Parnem \u010distilniku so prilo\u017eeni razli\u010dni nastavki, ki omogo\u010dajo \u010di\u0161\u010denje razli\u010dnih povr\u0161in in te\u017eko dostopnih podro\u010dij. Uporabite lahko namenske nastavke za pulte, fuge, notranjosti pe\u010dic in celo tla, s \u010dimer je parni \u010distilnik Viva Steam vsestransko orodje za celovito \u010di\u0161\u010denje kuhinje.[\/vc_column_text][vc_empty_space height=&#8221;20px&#8221;][\/vc_column][\/vc_row][vc_row][vc_column width=&#8221;1\/2&#8243;]<style type=\"text\/css\" data-type=\"the7_shortcodes-inline-css\">.shortcode-single-image-wrap.shortcode-single-image-1c7fdea6bb23b202e5d46ec730c9ecd1.enable-bg-rollover .rollover i,\n.shortcode-single-image-wrap.shortcode-single-image-1c7fdea6bb23b202e5d46ec730c9ecd1.enable-bg-rollover .rollover-video i {\n  background: -webkit-linear-gradient();\n  background: linear-gradient();\n}\n.shortcode-single-image-wrap.shortcode-single-image-1c7fdea6bb23b202e5d46ec730c9ecd1 .rollover-icon {\n  font-size: 32px;\n  color: #ffffff;\n  min-width: 44px;\n  min-height: 44px;\n  line-height: 44px;\n  border-radius: 100px;\n  border-style: solid;\n  border-width: 0px;\n}\n.dt-icon-bg-on.shortcode-single-image-wrap.shortcode-single-image-1c7fdea6bb23b202e5d46ec730c9ecd1 .rollover-icon {\n  background: rgba(255,255,255,0.3);\n  box-shadow: none;\n}\n<\/style><div class=\"shortcode-single-image-wrap shortcode-single-image-1c7fdea6bb23b202e5d46ec730c9ecd1 alignnone  enable-bg-rollover dt-icon-bg-off\" style=\"margin-top:0px; margin-bottom:0px; margin-left:0px; margin-right:0px; width:600px;\"><div class=\"shortcode-single-image\"><div class=\"fancy-media-wrap  layzr-bg\" style=\"\"><img decoding=\"async\" class=\"preload-me lazy-load aspect\" src=\"data:image\/svg+xml,%3Csvg%20xmlns%3D&#39;http%3A%2F%2Fwww.w3.org%2F2000%2Fsvg&#39;%20viewBox%3D&#39;0%200%20600%20500&#39;%2F%3E\" data-src=\"https:\/\/vivasteam.com\/wp-content\/uploads\/2023\/09\/appliances-steam-cleaning.jpg\" data-srcset=\"https:\/\/vivasteam.com\/wp-content\/uploads\/2023\/09\/appliances-steam-cleaning.jpg 600w\" loading=\"eager\" sizes=\"(max-width: 600px) 100vw, 600px\" width=\"600\" height=\"500\"  data-dt-location=\"https:\/\/vivasteam.com\/sl\/kitchen-steam-cleaning\/appliances-steam-cleaning\/\" style=\"--ratio: 600 \/ 500;\" alt=\"\" \/><\/div><\/div><\/div>[\/vc_column][vc_column width=&#8221;1\/2&#8243;]<style type=\"text\/css\" data-type=\"the7_shortcodes-inline-css\">.shortcode-single-image-wrap.shortcode-single-image-092602653ab91cf853c2862f9f479886.enable-bg-rollover .rollover i,\n.shortcode-single-image-wrap.shortcode-single-image-092602653ab91cf853c2862f9f479886.enable-bg-rollover .rollover-video i {\n  background: -webkit-linear-gradient();\n  background: linear-gradient();\n}\n.shortcode-single-image-wrap.shortcode-single-image-092602653ab91cf853c2862f9f479886 .rollover-icon {\n  font-size: 32px;\n  color: #ffffff;\n  min-width: 44px;\n  min-height: 44px;\n  line-height: 44px;\n  border-radius: 100px;\n  border-style: solid;\n  border-width: 0px;\n}\n.dt-icon-bg-on.shortcode-single-image-wrap.shortcode-single-image-092602653ab91cf853c2862f9f479886 .rollover-icon {\n  background: rgba(255,255,255,0.3);\n  box-shadow: none;\n}\n<\/style><div class=\"shortcode-single-image-wrap shortcode-single-image-092602653ab91cf853c2862f9f479886 alignnone  enable-bg-rollover dt-icon-bg-off\" style=\"margin-top:0px; margin-bottom:0px; margin-left:0px; margin-right:0px; width:600px;\"><div class=\"shortcode-single-image\"><div class=\"fancy-media-wrap  layzr-bg\" style=\"\"><img decoding=\"async\" class=\"preload-me lazy-load aspect\" src=\"data:image\/svg+xml,%3Csvg%20xmlns%3D&#39;http%3A%2F%2Fwww.w3.org%2F2000%2Fsvg&#39;%20viewBox%3D&#39;0%200%20600%20500&#39;%2F%3E\" data-src=\"https:\/\/vivasteam.com\/wp-content\/uploads\/2023\/09\/oven-grill-steam-cleaning.jpg\" data-srcset=\"https:\/\/vivasteam.com\/wp-content\/uploads\/2023\/09\/oven-grill-steam-cleaning.jpg 600w\" loading=\"eager\" sizes=\"(max-width: 600px) 100vw, 600px\" width=\"600\" height=\"500\"  data-dt-location=\"https:\/\/vivasteam.com\/sl\/kitchen-steam-cleaning\/oven-grill-steam-cleaning\/\" style=\"--ratio: 600 \/ 500;\" alt=\"\" \/><\/div><\/div><\/div>[\/vc_column][\/vc_row][vc_row equal_height=&#8221;yes&#8221; content_placement=&#8221;middle&#8221; bg_type=&#8221;bg_color&#8221; bg_override=&#8221;ex-full&#8221; type=&#8221;vc_default&#8221; css=&#8221;.vc_custom_1694609856742{background-color: #ffffff !important;}&#8221; bg_color_value=&#8221;#ffffff&#8221;][vc_column css=&#8221;.vc_custom_1695041159517{padding-top: 30px !important;padding-bottom: 30px !important;}&#8221; offset=&#8221;vc_col-lg-offset-0 vc_col-lg-12 vc_col-md-offset-0 vc_col-md-12&#8243;][vc_column_text]<\/p>\n<h2>Prihranek \u010dasa in truda<\/h2>\n<p>[\/vc_column_text][vc_empty_space height=&#8221;30px&#8221;][vc_column_text]S parnim \u010distilnikom znatno prihranite na \u010dasu, ki ga sicer porabite za \u010di\u0161\u010denje. Visokotemperaturna para pomaga hitro raztopiti umazanijo in nesnago, s \u010dimer porabite manj \u010dasa za drgnjenje ali izdatno brisanje. Va\u0161e \u010di\u0161\u010denje tako postane bolj u\u010dinkovito, \u0161e posebej, ko imate opravka s trdovratnimi made\u017ei ali za \u010di\u0161\u010denje te\u017eko dostopnimi podro\u010dji.[\/vc_column_text][vc_empty_space height=&#8221;20px&#8221;][\/vc_column][\/vc_row][vc_row equal_height=&#8221;yes&#8221; content_placement=&#8221;middle&#8221; bg_type=&#8221;bg_color&#8221; bg_override=&#8221;ex-full&#8221; type=&#8221;vc_default&#8221; css=&#8221;.vc_custom_1694609856742{background-color: #ffffff !important;}&#8221; bg_color_value=&#8221;#ffffff&#8221;][vc_column css=&#8221;.vc_custom_1695041159517{padding-top: 30px !important;padding-bottom: 30px !important;}&#8221; offset=&#8221;vc_col-lg-offset-0 vc_col-lg-12 vc_col-md-offset-0 vc_col-md-12&#8243;][vc_column_text]<\/p>\n<h2>Zmanj\u0161anje alergenov<\/h2>\n<p>[\/vc_column_text][vc_empty_space height=&#8221;30px&#8221;][vc_column_text]Parno \u010di\u0161\u010denje ne odstrani le vidne umazanije, temve\u010d tudi pomaga odpraviti alergene, kot so plesen, pr\u0161ice, cvetni prah in prhljaj hi\u0161nih ljubljen\u010dkov. To je lahko koristno za posameznike z alergijami ali ob\u010dutljivimi dihali, saj poskrbi za bolj \u010disto in zdravo kuhinjsko okolje.[\/vc_column_text][vc_empty_space height=&#8221;20px&#8221;][\/vc_column][\/vc_row][vc_row][vc_column width=&#8221;1\/2&#8243;]<style type=\"text\/css\" data-type=\"the7_shortcodes-inline-css\">.shortcode-single-image-wrap.shortcode-single-image-3a404421cfde0d8264fb8938929efe16.enable-bg-rollover .rollover i,\n.shortcode-single-image-wrap.shortcode-single-image-3a404421cfde0d8264fb8938929efe16.enable-bg-rollover .rollover-video i {\n  background: -webkit-linear-gradient();\n  background: linear-gradient();\n}\n.shortcode-single-image-wrap.shortcode-single-image-3a404421cfde0d8264fb8938929efe16 .rollover-icon {\n  font-size: 32px;\n  color: #ffffff;\n  min-width: 44px;\n  min-height: 44px;\n  line-height: 44px;\n  border-radius: 100px;\n  border-style: solid;\n  border-width: 0px;\n}\n.dt-icon-bg-on.shortcode-single-image-wrap.shortcode-single-image-3a404421cfde0d8264fb8938929efe16 .rollover-icon {\n  background: rgba(255,255,255,0.3);\n  box-shadow: none;\n}\n<\/style><div class=\"shortcode-single-image-wrap shortcode-single-image-3a404421cfde0d8264fb8938929efe16 alignnone  enable-bg-rollover dt-icon-bg-off\" style=\"margin-top:0px; margin-bottom:0px; margin-left:0px; margin-right:0px; width:600px;\"><div class=\"shortcode-single-image\"><div class=\"fancy-media-wrap  layzr-bg\" style=\"\"><img decoding=\"async\" class=\"preload-me lazy-load aspect\" src=\"data:image\/svg+xml,%3Csvg%20xmlns%3D&#39;http%3A%2F%2Fwww.w3.org%2F2000%2Fsvg&#39;%20viewBox%3D&#39;0%200%20600%20500&#39;%2F%3E\" data-src=\"https:\/\/vivasteam.com\/wp-content\/uploads\/2023\/09\/mold-steam-removal.jpg\" data-srcset=\"https:\/\/vivasteam.com\/wp-content\/uploads\/2023\/09\/mold-steam-removal.jpg 600w\" loading=\"eager\" sizes=\"(max-width: 600px) 100vw, 600px\" width=\"600\" height=\"500\"  data-dt-location=\"https:\/\/vivasteam.com\/sl\/kitchen-steam-cleaning\/mold-steam-removal\/\" style=\"--ratio: 600 \/ 500;\" alt=\"\" \/><\/div><\/div><\/div>[\/vc_column][vc_column width=&#8221;1\/2&#8243;]<style type=\"text\/css\" data-type=\"the7_shortcodes-inline-css\">.shortcode-single-image-wrap.shortcode-single-image-8b4fbde1a1f885cdac8c53da54c6ca22.enable-bg-rollover .rollover i,\n.shortcode-single-image-wrap.shortcode-single-image-8b4fbde1a1f885cdac8c53da54c6ca22.enable-bg-rollover .rollover-video i {\n  background: -webkit-linear-gradient();\n  background: linear-gradient();\n}\n.shortcode-single-image-wrap.shortcode-single-image-8b4fbde1a1f885cdac8c53da54c6ca22 .rollover-icon {\n  font-size: 32px;\n  color: #ffffff;\n  min-width: 44px;\n  min-height: 44px;\n  line-height: 44px;\n  border-radius: 100px;\n  border-style: solid;\n  border-width: 0px;\n}\n.dt-icon-bg-on.shortcode-single-image-wrap.shortcode-single-image-8b4fbde1a1f885cdac8c53da54c6ca22 .rollover-icon {\n  background: rgba(255,255,255,0.3);\n  box-shadow: none;\n}\n<\/style><div class=\"shortcode-single-image-wrap shortcode-single-image-8b4fbde1a1f885cdac8c53da54c6ca22 alignnone  enable-bg-rollover dt-icon-bg-off\" style=\"margin-top:0px; margin-bottom:0px; margin-left:0px; margin-right:0px; width:600px;\"><div class=\"shortcode-single-image\"><div class=\"fancy-media-wrap  layzr-bg\" style=\"\"><img decoding=\"async\" class=\"preload-me lazy-load aspect\" src=\"data:image\/svg+xml,%3Csvg%20xmlns%3D&#39;http%3A%2F%2Fwww.w3.org%2F2000%2Fsvg&#39;%20viewBox%3D&#39;0%200%20600%20500&#39;%2F%3E\" data-src=\"https:\/\/vivasteam.com\/wp-content\/uploads\/2023\/09\/kitchen-sink-steam-cleaning.jpg\" data-srcset=\"https:\/\/vivasteam.com\/wp-content\/uploads\/2023\/09\/kitchen-sink-steam-cleaning.jpg 600w\" loading=\"eager\" sizes=\"(max-width: 600px) 100vw, 600px\" width=\"600\" height=\"500\"  data-dt-location=\"https:\/\/vivasteam.com\/sl\/kitchen-steam-cleaning\/kitchen-sink-steam-cleaning\/\" style=\"--ratio: 600 \/ 500;\" alt=\"\" \/><\/div><\/div><\/div>[\/vc_column][\/vc_row][vc_row equal_height=&#8221;yes&#8221; content_placement=&#8221;middle&#8221; bg_type=&#8221;bg_color&#8221; bg_override=&#8221;ex-full&#8221; type=&#8221;vc_default&#8221; css=&#8221;.vc_custom_1694609856742{background-color: #ffffff !important;}&#8221; bg_color_value=&#8221;#ffffff&#8221;][vc_column css=&#8221;.vc_custom_1695041159517{padding-top: 30px !important;padding-bottom: 30px !important;}&#8221; offset=&#8221;vc_col-lg-offset-0 vc_col-lg-12 vc_col-md-offset-0 vc_col-md-12&#8243;][vc_column_text]<\/p>\n<h2>Odstranjevanje neprijetnih vonjav<\/h2>\n<p>[\/vc_column_text][vc_empty_space height=&#8221;30px&#8221;][vc_column_text]Toplota pare lahko u\u010dinkovito izni\u010di in odstrani neprijetne vonjave v kuhinji, kot so vonj po hrani, ki ostane v prostoru ali \u00bbpostan\u00ab vonj kuhinjskih naprav. Parno \u010di\u0161\u010denje nudi sve\u017e in \u010dist vonj, brez potrebe po kemi\u010dnih osve\u017eilcih zraka.[\/vc_column_text][vc_empty_space height=&#8221;20px&#8221;][\/vc_column][\/vc_row][vc_row bg_type=&#8221;bg_color&#8221; bg_override=&#8221;ex-full&#8221; type=&#8221;vc_default&#8221; bg_color_value=&#8221;#f5f5f5&#8243; css=&#8221;.vc_custom_1516803630405{padding-top: 45px !important;padding-bottom: 55px !important;}&#8221;][vc_column][vc_column_text]<\/p>\n<h4 style=\"text-align: center;\"><strong>Imate vpra\u0161anje ali potrebujete dodatne informacije? Pokli\u010dite nas.<\/strong><\/h4>\n<p>[\/vc_column_text][vc_empty_space height=&#8221;25px&#8221;][vc_column_text]<\/p>\n<p style=\"text-align: center;\"><span style=\"color: #333333;\">Aqua Viva d.o.o.<\/span><\/p>\n<p style=\"text-align: center;\"><span style=\"color: #333333;\">Preserska cesta 4, 1235 Radomlje, Slovenija<\/span><\/p>\n<p>[\/vc_column_text][vc_column_text]<\/p>\n<p style=\"text-align: center;\"><span style=\"color: #333333;\">+386 (0)1 724 64 70<\/span><\/p>\n<p>[\/vc_column_text][vc_empty_space height=&#8221;15px&#8221;]<div class=\" vc_custom_1456922448725 uavc-icons-center uavc-icons \">\n<a class=\"aio-tooltip 69d76e844208d\" href=\"https:\/\/www.facebook.com\/vivasteam\/\" target=\"_blank\" rel=\"noopener\"  data-toggle=\"tooltip\" data-placement=\"top\" title=\"facebook\"><div class=\"aio-icon advanced \" data-animation=\"\" data-animation-delay=\"03\" style=\"color:#d0d0d0;background:rgba(0,0,0,0.01);border-style:solid;border-color:#d0d0d0;border-width:2px;width:28px;height:28px;line-height:28px;border-radius:500px;font-size:16px;margin-right:3px;\">\n\t<i class=\"icomoon-the7-font-facebook\"><\/i>\n<\/div><\/a>\n<a class=\"aio-tooltip 69d76e84421c3\" href=\"https:\/\/www.youtube.com\/@VivaSteamCleaner\" target=\"_blank\" rel=\"noopener\"  data-toggle=\"tooltip\" data-placement=\"top\" title=\"youtube\"><div class=\"aio-icon advanced \" data-animation=\"\" data-animation-delay=\"03\" style=\"color:#d0d0d0;background:rgba(0,0,0,0.01);border-style:solid;border-color:#d0d0d0;border-width:2px;width:28px;height:28px;line-height:28px;border-radius:500px;font-size:16px;margin-right:3px;\">\n\t<i class=\"icomoon-the7-font-youtube\"><\/i>\n<\/div><\/a><\/div>[\/vc_column][\/vc_row]<\/p>\n<\/div>","protected":false},"excerpt":{"rendered":"<p>[vc_row bg_type=&#8221;grad&#8221; bg_override=&#8221;ex-full&#8221; type=&#8221;vc_default&#8221; bg_grad=&#8221;background: -webkit-gradient(linear, left top, left bottom, color-stop(0%, #FFFFFF), color-stop(98%, #F5F5F5));background: -moz-linear-gradient(top,#FFFFFF 0%,#F5F5F5 98%);background: -webkit-linear-gradient(top,#FFFFFF 0%,#F5F5F5 98%);background: -o-linear-gradient(top,#FFFFFF 0%,#F5F5F5 98%);background: -ms-linear-gradient(top,#FFFFFF 0%,#F5F5F5 98%);background: linear-gradient(top,#FFFFFF 0%,#F5F5F5 98%);&#8221; css=&#8221;.vc_custom_1694609936314{margin-bottom: 0px !important;}&#8221;][vc_column offset=&#8221;vc_col-lg-offset-2 vc_col-lg-8 vc_col-md-offset-2 vc_col-md-8&#8243;][vc_column_text] Parno \u010di\u0161\u010denje kuhinje [\/vc_column_text][vc_empty_space height=&#8221;30px&#8221;][vc_column_text] Parno \u010di\u0161\u010denje kuhinje nudi vrsto prednosti pred obi\u010dajnimi metodami \u010di\u0161\u010denja. Tukaj je nekaj klju\u010dnih&hellip;<\/p>\n","protected":false},"author":1,"featured_media":0,"parent":0,"menu_order":0,"comment_status":"closed","ping_status":"closed","template":"template-microsite.php","meta":{"om_disable_all_campaigns":false,"_monsterinsights_skip_tracking":false,"_monsterinsights_sitenote_active":false,"_monsterinsights_sitenote_note":"","_monsterinsights_sitenote_category":0,"_uf_show_specific_survey":0,"_uf_disable_surveys":false,"footnotes":""},"class_list":["post-1586","page","type-page","status-publish","hentry","description-off"],"aioseo_notices":[],"_links":{"self":[{"href":"https:\/\/vivasteam.com\/sl\/wp-json\/wp\/v2\/pages\/1586","targetHints":{"allow":["GET"]}}],"collection":[{"href":"https:\/\/vivasteam.com\/sl\/wp-json\/wp\/v2\/pages"}],"about":[{"href":"https:\/\/vivasteam.com\/sl\/wp-json\/wp\/v2\/types\/page"}],"author":[{"embeddable":true,"href":"https:\/\/vivasteam.com\/sl\/wp-json\/wp\/v2\/users\/1"}],"replies":[{"embeddable":true,"href":"https:\/\/vivasteam.com\/sl\/wp-json\/wp\/v2\/comments?post=1586"}],"version-history":[{"count":8,"href":"https:\/\/vivasteam.com\/sl\/wp-json\/wp\/v2\/pages\/1586\/revisions"}],"predecessor-version":[{"id":1597,"href":"https:\/\/vivasteam.com\/sl\/wp-json\/wp\/v2\/pages\/1586\/revisions\/1597"}],"wp:attachment":[{"href":"https:\/\/vivasteam.com\/sl\/wp-json\/wp\/v2\/media?parent=1586"}],"curies":[{"name":"wp","href":"https:\/\/api.w.org\/{rel}","templated":true}]}}