{"id":1726,"date":"2023-09-19T09:06:47","date_gmt":"2023-09-19T07:06:47","guid":{"rendered":"https:\/\/vivasteam.com\/curatenie-cu-abur-de-bucatarie\/"},"modified":"2023-09-28T14:19:38","modified_gmt":"2023-09-28T12:19:38","slug":"curatenie-cu-abur-de-bucatarie","status":"publish","type":"page","link":"https:\/\/vivasteam.com\/ro\/curatenie-cu-abur-de-bucatarie\/","title":{"rendered":"Curatenie cu abur de bucatarie"},"content":{"rendered":"<div class=\"wpb-content-wrapper\"><p>[vc_row bg_type=&#8221;grad&#8221; bg_override=&#8221;ex-full&#8221; type=&#8221;vc_default&#8221; bg_grad=&#8221;background: -webkit-gradient(linear, left top, left bottom, color-stop(0%, #FFFFFF), color-stop(98%, #F5F5F5));background: -moz-linear-gradient(top,#FFFFFF 0%,#F5F5F5 98%);background: -webkit-linear-gradient(top,#FFFFFF 0%,#F5F5F5 98%);background: -o-linear-gradient(top,#FFFFFF 0%,#F5F5F5 98%);background: -ms-linear-gradient(top,#FFFFFF 0%,#F5F5F5 98%);background: linear-gradient(top,#FFFFFF 0%,#F5F5F5 98%);&#8221; css=&#8221;.vc_custom_1694609936314{margin-bottom: 0px !important;}&#8221;][vc_column offset=&#8221;vc_col-lg-offset-2 vc_col-lg-8 vc_col-md-offset-2 vc_col-md-8&#8243;]<div class=\"ult-spacer spacer-69d292aedf34d\" data-id=\"69d292aedf34d\" data-height=\"60\" data-height-mobile=\"60\" data-height-tab=\"60\" data-height-tab-portrait=\"60\" data-height-mobile-landscape=\"60\" style=\"clear:both;display:block;\"><\/div>[vc_column_text]<\/p>\n<h1 style=\"text-align: center;\">Curatenie cu abur de bucatarie<\/h1>\n<p>[\/vc_column_text][vc_empty_space height=&#8221;30px&#8221;][vc_column_text]<\/p>\n<p style=\"text-align: center;\">Cur\u0103\u0163area cu aburi a buc\u0103t\u0103riei voastre ofer\u0103 c\u00e2teva avantaje fa\u0163\u0103 de metodele tradi\u0163ionale de cur\u0103\u0163are. Iat\u0103 c\u00e2teva avantaje cheie ale utiliz\u0103ri Viva Steam \u00een buc\u0103t\u0103rie<\/p>\n<p>[\/vc_column_text][vc_empty_space height=&#8221;60px&#8221;][\/vc_column][vc_column]<div id=\"ultimate-video-434969d292aedf427\" class=\"ult-video  ult-adjust-bottom-margin ultimate-video-434969d292aedf427 ultv-3786 \"><div class=\"ultv-video ultv-aspect-ratio-16_9 ultv-subscribe-responsive-none\" data-videotype=\"uv_iframe\">\n\t\t\t\t\t\t<div class=\"ultv-video__outer-wrap\" data-autoplay=\"0\" data-device=\"false\"  data-iconbg=\"#3A3A3A\" data-overcolor=\"\" data-defaultbg=\"#1f1f1e\" data-defaultplay=\"defaulticon\"><div class=\"ultv-video__play\" data-src=\"https:\/\/www.youtube.com\/embed\/EktrPoW-Hak?rel=0&amp;start&amp;end&amp;controls=1&amp;mute=0&amp;modestbranding=0&amp;autoplay=1\">\n\t\t\t\t\t\t\t\t<img decoding=\"async\" class=\"ultv-video__thumb\" src=\"https:\/\/i.ytimg.com\/vi\/EktrPoW-Hak\/maxresdefault.jpg\"\/>\n\t\t\t\t\t\t\t\t<div class=\"ultv-video__play-icon  ultv-animation-none\" style=\"width:75px\"><svg height=\"100%\" version=\"1.1\" viewBox=\"0 0 68 48\" width=\"100%\"><path class=\"ultv-youtube-icon-bg\" d=\"m .66,37.62 c 0,0 .66,4.70 2.70,6.77 2.58,2.71 5.98,2.63 7.49,2.91 5.43,.52 23.10,.68 23.12,.68 .00,-1.3e-5 14.29,-0.02 23.81,-0.71 1.32,-0.15 4.22,-0.17 6.81,-2.89 2.03,-2.07 2.70,-6.77 2.70,-6.77 0,0 .67,-5.52 .67,-11.04 l 0,-5.17 c 0,-5.52 -0.67,-11.04 -0.67,-11.04 0,0 -0.66,-4.70 -2.70,-6.77 C 62.03,.86 59.13,.84 57.80,.69 48.28,0 34.00,0 34.00,0 33.97,0 19.69,0 10.18,.69 8.85,.84 5.95,.86 3.36,3.58 1.32,5.65 .66,10.35 .66,10.35 c 0,0 -0.55,4.50 -0.66,9.45 l 0,8.36 c .10,4.94 .66,9.45 .66,9.45 z\" fill=\"#1f1f1e\" ><\/path><path d=\"m 26.96,13.67 18.37,9.62 -18.37,9.55 -0.00,-19.17 z\" fill=\"#fff\"><\/path><path d=\"M 45.02,23.46 45.32,23.28 26.96,13.67 43.32,22.34 45.02,23.46 z\" fill=\"#ccc\"><\/path><\/svg><\/div> <\/div> <\/div><\/div><\/div>[\/vc_column][\/vc_row][vc_row equal_height=&#8221;yes&#8221; content_placement=&#8221;middle&#8221; bg_type=&#8221;bg_color&#8221; bg_override=&#8221;ex-full&#8221; type=&#8221;vc_default&#8221; css=&#8221;.vc_custom_1694609856742{background-color: #ffffff !important;}&#8221; bg_color_value=&#8221;#ffffff&#8221;][vc_column css=&#8221;.vc_custom_1695041152222{padding-top: 30px !important;padding-bottom: 30px !important;}&#8221; offset=&#8221;vc_col-lg-offset-0 vc_col-lg-12 vc_col-md-offset-0 vc_col-md-12&#8243;][vc_column_text]<\/p>\n<h2>Cur\u0103\u0163area f\u0103r\u0103 solu\u0163ii chimice<\/h2>\n<p>[\/vc_column_text][vc_empty_space height=&#8221;30px&#8221;][vc_column_text]Unul dintre cele mai semnificative avantaje ale cur\u0103\u0163\u0103rii cu aburi este faptul c\u0103 s\u0103 se folose\u015fte doar puterea aburilor, elimin\u00e2nd necesitatea utiliz\u0103rii solu\u0163iilor chimice tari pentru cur\u0103\u0163at. Aceasta face s\u0103 fie o op\u0163iune acceptabil\u0103, sigur\u0103 \u015fi ecologic\u0103 pentru cur\u0103\u0163area suprafe\u0163elor, aparatelor \u015fi a pardoselii din buc\u0103t\u0103rie.[\/vc_column_text][\/vc_column][\/vc_row][vc_row equal_height=&#8221;yes&#8221; content_placement=&#8221;middle&#8221; bg_type=&#8221;bg_color&#8221; bg_override=&#8221;ex-full&#8221; type=&#8221;vc_default&#8221; css=&#8221;.vc_custom_1694609856742{background-color: #ffffff !important;}&#8221; bg_color_value=&#8221;#ffffff&#8221;][vc_column css=&#8221;.vc_custom_1695041128468{padding-top: 30px !important;padding-bottom: 30px !important;}&#8221; offset=&#8221;vc_col-lg-offset-0 vc_col-lg-12 vc_col-md-offset-0 vc_col-md-12&#8243;][vc_column_text]<\/p>\n<h2>Dezinfectare eficient\u0103<\/h2>\n<p>[\/vc_column_text][vc_empty_space height=&#8221;30px&#8221;][vc_column_text]Viva Steam atinge 175\u00b0C, ceea ce ajut\u0103 la distrugerea bacteriilor, germenilor \u015fi a altor agen\u0163i patogeni. Aburul dezinfecteaz\u0103 eficient diverse suprafe\u0163e inclusiv blaturi, chiuvete, pl\u0103ci de t\u0103iat \u015fi electrocasnice, asigur\u00e2nd un mediu igienic \u015fi curat \u00een buc\u0103t\u0103rie.[\/vc_column_text][\/vc_column][\/vc_row][vc_row][vc_column width=&#8221;1\/2&#8243;]<style type=\"text\/css\" data-type=\"the7_shortcodes-inline-css\">.shortcode-single-image-wrap.shortcode-single-image-6ded531ba67c273e01225a29871b3278.enable-bg-rollover .rollover i,\n.shortcode-single-image-wrap.shortcode-single-image-6ded531ba67c273e01225a29871b3278.enable-bg-rollover .rollover-video i {\n  background: -webkit-linear-gradient();\n  background: linear-gradient();\n}\n.shortcode-single-image-wrap.shortcode-single-image-6ded531ba67c273e01225a29871b3278 .rollover-icon {\n  font-size: 32px;\n  color: #ffffff;\n  min-width: 44px;\n  min-height: 44px;\n  line-height: 44px;\n  border-radius: 100px;\n  border-style: solid;\n  border-width: 0px;\n}\n.dt-icon-bg-on.shortcode-single-image-wrap.shortcode-single-image-6ded531ba67c273e01225a29871b3278 .rollover-icon {\n  background: rgba(255,255,255,0.3);\n  box-shadow: none;\n}\n<\/style><div class=\"shortcode-single-image-wrap shortcode-single-image-6ded531ba67c273e01225a29871b3278 alignnone  enable-bg-rollover dt-icon-bg-off\" style=\"margin-top:0px; margin-bottom:0px; margin-left:0px; margin-right:0px; width:600px;\"><div class=\"shortcode-single-image\"><div class=\"fancy-media-wrap  layzr-bg\" style=\"\"><img fetchpriority=\"high\" decoding=\"async\" class=\"preload-me lazy-load aspect\" src=\"data:image\/svg+xml,%3Csvg%20xmlns%3D&#39;http%3A%2F%2Fwww.w3.org%2F2000%2Fsvg&#39;%20viewBox%3D&#39;0%200%20600%20500&#39;%2F%3E\" data-src=\"https:\/\/vivasteam.com\/wp-content\/uploads\/2023\/09\/hood-steam-cleaning.jpg\" data-srcset=\"https:\/\/vivasteam.com\/wp-content\/uploads\/2023\/09\/hood-steam-cleaning.jpg 600w\" loading=\"eager\" sizes=\"(max-width: 600px) 100vw, 600px\" width=\"600\" height=\"500\"  data-dt-location=\"https:\/\/vivasteam.com\/ro\/kitchen-steam-cleaning\/hood-steam-cleaning\/\" style=\"--ratio: 600 \/ 500;\" alt=\"\" \/><\/div><\/div><\/div>[\/vc_column][vc_column width=&#8221;1\/2&#8243;]<style type=\"text\/css\" data-type=\"the7_shortcodes-inline-css\">.shortcode-single-image-wrap.shortcode-single-image-b809bb0dd442acaafd4bdf3e9f375708.enable-bg-rollover .rollover i,\n.shortcode-single-image-wrap.shortcode-single-image-b809bb0dd442acaafd4bdf3e9f375708.enable-bg-rollover .rollover-video i {\n  background: -webkit-linear-gradient();\n  background: linear-gradient();\n}\n.shortcode-single-image-wrap.shortcode-single-image-b809bb0dd442acaafd4bdf3e9f375708 .rollover-icon {\n  font-size: 32px;\n  color: #ffffff;\n  min-width: 44px;\n  min-height: 44px;\n  line-height: 44px;\n  border-radius: 100px;\n  border-style: solid;\n  border-width: 0px;\n}\n.dt-icon-bg-on.shortcode-single-image-wrap.shortcode-single-image-b809bb0dd442acaafd4bdf3e9f375708 .rollover-icon {\n  background: rgba(255,255,255,0.3);\n  box-shadow: none;\n}\n<\/style><div class=\"shortcode-single-image-wrap shortcode-single-image-b809bb0dd442acaafd4bdf3e9f375708 alignnone  enable-bg-rollover dt-icon-bg-off\" style=\"margin-top:0px; margin-bottom:0px; margin-left:0px; margin-right:0px; width:600px;\"><div class=\"shortcode-single-image\"><div class=\"fancy-media-wrap  layzr-bg\" style=\"\"><img decoding=\"async\" class=\"preload-me lazy-load aspect\" src=\"data:image\/svg+xml,%3Csvg%20xmlns%3D&#39;http%3A%2F%2Fwww.w3.org%2F2000%2Fsvg&#39;%20viewBox%3D&#39;0%200%20600%20500&#39;%2F%3E\" data-src=\"https:\/\/vivasteam.com\/wp-content\/uploads\/2023\/09\/grease-steam-removal.jpg\" data-srcset=\"https:\/\/vivasteam.com\/wp-content\/uploads\/2023\/09\/grease-steam-removal.jpg 600w\" loading=\"eager\" sizes=\"(max-width: 600px) 100vw, 600px\" width=\"600\" height=\"500\"  data-dt-location=\"https:\/\/vivasteam.com\/ro\/kitchen-steam-cleaning\/grease-steam-removal\/\" style=\"--ratio: 600 \/ 500;\" alt=\"\" \/><\/div><\/div><\/div>[\/vc_column][\/vc_row][vc_row equal_height=&#8221;yes&#8221; content_placement=&#8221;middle&#8221; bg_type=&#8221;bg_color&#8221; bg_override=&#8221;ex-full&#8221; type=&#8221;vc_default&#8221; css=&#8221;.vc_custom_1694609856742{background-color: #ffffff !important;}&#8221; bg_color_value=&#8221;#ffffff&#8221;][vc_column css=&#8221;.vc_custom_1695041159517{padding-top: 30px !important;padding-bottom: 30px !important;}&#8221; offset=&#8221;vc_col-lg-offset-0 vc_col-lg-12 vc_col-md-offset-0 vc_col-md-12&#8243;][vc_column_text]<\/p>\n<h2>Eliminarea unsorii \u015fi a murd\u0103riei<\/h2>\n<p>[\/vc_column_text][vc_empty_space height=&#8221;30px&#8221;][vc_column_text]Aburii p\u0103trund \u00een gr\u0103simea \u00eent\u0103rit\u0103 \u015fi murd\u0103rie \u015fi o descompun, prin aceasta u\u015fur\u00e2nd \u00eendep\u0103rtarea de pe suprafe\u0163e. Poate elimina eficient depunerile de pe aragaz, hote, cuptoare \u015fi alte suprafe\u0163e din buc\u0103t\u0103rie, economisind timp \u015fi efort.[\/vc_column_text][vc_empty_space height=&#8221;20px&#8221;][\/vc_column][\/vc_row][vc_row equal_height=&#8221;yes&#8221; content_placement=&#8221;middle&#8221; bg_type=&#8221;bg_color&#8221; bg_override=&#8221;ex-full&#8221; type=&#8221;vc_default&#8221; css=&#8221;.vc_custom_1694609856742{background-color: #ffffff !important;}&#8221; bg_color_value=&#8221;#ffffff&#8221;][vc_column css=&#8221;.vc_custom_1695041159517{padding-top: 30px !important;padding-bottom: 30px !important;}&#8221; offset=&#8221;vc_col-lg-offset-0 vc_col-lg-12 vc_col-md-offset-0 vc_col-md-12&#8243;][vc_column_text]<\/p>\n<h2>Cur\u0103\u0163are universal\u0103<\/h2>\n<p>[\/vc_column_text][vc_empty_space height=&#8221;30px&#8221;][vc_column_text]Aparatul de cur\u0103\u021bat cu abur Viva Steam vine cu accesorii care v\u0103 asigur\u0103 c\u0103 cur\u0103\u021ba\u021bi diferite suprafe\u021be \u0219i locuri greu accesibile. Pute\u0163i folosi accesoriile speciale pentru blaturi, chituri, cuptoare, interiorul frigiderului, ba chiar \u015fi pardosele, f\u0103c\u00e2ndu-le s\u0103 fie un instrument universal pentru cur\u0103\u0163area total\u0103 a buc\u0103t\u0103riei.[\/vc_column_text][vc_empty_space height=&#8221;20px&#8221;][\/vc_column][\/vc_row][vc_row][vc_column width=&#8221;1\/2&#8243;]<style type=\"text\/css\" data-type=\"the7_shortcodes-inline-css\">.shortcode-single-image-wrap.shortcode-single-image-1c7fdea6bb23b202e5d46ec730c9ecd1.enable-bg-rollover .rollover i,\n.shortcode-single-image-wrap.shortcode-single-image-1c7fdea6bb23b202e5d46ec730c9ecd1.enable-bg-rollover .rollover-video i {\n  background: -webkit-linear-gradient();\n  background: linear-gradient();\n}\n.shortcode-single-image-wrap.shortcode-single-image-1c7fdea6bb23b202e5d46ec730c9ecd1 .rollover-icon {\n  font-size: 32px;\n  color: #ffffff;\n  min-width: 44px;\n  min-height: 44px;\n  line-height: 44px;\n  border-radius: 100px;\n  border-style: solid;\n  border-width: 0px;\n}\n.dt-icon-bg-on.shortcode-single-image-wrap.shortcode-single-image-1c7fdea6bb23b202e5d46ec730c9ecd1 .rollover-icon {\n  background: rgba(255,255,255,0.3);\n  box-shadow: none;\n}\n<\/style><div class=\"shortcode-single-image-wrap shortcode-single-image-1c7fdea6bb23b202e5d46ec730c9ecd1 alignnone  enable-bg-rollover dt-icon-bg-off\" style=\"margin-top:0px; margin-bottom:0px; margin-left:0px; margin-right:0px; width:600px;\"><div class=\"shortcode-single-image\"><div class=\"fancy-media-wrap  layzr-bg\" style=\"\"><img decoding=\"async\" class=\"preload-me lazy-load aspect\" src=\"data:image\/svg+xml,%3Csvg%20xmlns%3D&#39;http%3A%2F%2Fwww.w3.org%2F2000%2Fsvg&#39;%20viewBox%3D&#39;0%200%20600%20500&#39;%2F%3E\" data-src=\"https:\/\/vivasteam.com\/wp-content\/uploads\/2023\/09\/appliances-steam-cleaning.jpg\" data-srcset=\"https:\/\/vivasteam.com\/wp-content\/uploads\/2023\/09\/appliances-steam-cleaning.jpg 600w\" loading=\"eager\" sizes=\"(max-width: 600px) 100vw, 600px\" width=\"600\" height=\"500\"  data-dt-location=\"https:\/\/vivasteam.com\/ro\/kitchen-steam-cleaning\/appliances-steam-cleaning\/\" style=\"--ratio: 600 \/ 500;\" alt=\"\" \/><\/div><\/div><\/div>[\/vc_column][vc_column width=&#8221;1\/2&#8243;]<style type=\"text\/css\" data-type=\"the7_shortcodes-inline-css\">.shortcode-single-image-wrap.shortcode-single-image-092602653ab91cf853c2862f9f479886.enable-bg-rollover .rollover i,\n.shortcode-single-image-wrap.shortcode-single-image-092602653ab91cf853c2862f9f479886.enable-bg-rollover .rollover-video i {\n  background: -webkit-linear-gradient();\n  background: linear-gradient();\n}\n.shortcode-single-image-wrap.shortcode-single-image-092602653ab91cf853c2862f9f479886 .rollover-icon {\n  font-size: 32px;\n  color: #ffffff;\n  min-width: 44px;\n  min-height: 44px;\n  line-height: 44px;\n  border-radius: 100px;\n  border-style: solid;\n  border-width: 0px;\n}\n.dt-icon-bg-on.shortcode-single-image-wrap.shortcode-single-image-092602653ab91cf853c2862f9f479886 .rollover-icon {\n  background: rgba(255,255,255,0.3);\n  box-shadow: none;\n}\n<\/style><div class=\"shortcode-single-image-wrap shortcode-single-image-092602653ab91cf853c2862f9f479886 alignnone  enable-bg-rollover dt-icon-bg-off\" style=\"margin-top:0px; margin-bottom:0px; margin-left:0px; margin-right:0px; width:600px;\"><div class=\"shortcode-single-image\"><div class=\"fancy-media-wrap  layzr-bg\" style=\"\"><img decoding=\"async\" class=\"preload-me lazy-load aspect\" src=\"data:image\/svg+xml,%3Csvg%20xmlns%3D&#39;http%3A%2F%2Fwww.w3.org%2F2000%2Fsvg&#39;%20viewBox%3D&#39;0%200%20600%20500&#39;%2F%3E\" data-src=\"https:\/\/vivasteam.com\/wp-content\/uploads\/2023\/09\/oven-grill-steam-cleaning.jpg\" data-srcset=\"https:\/\/vivasteam.com\/wp-content\/uploads\/2023\/09\/oven-grill-steam-cleaning.jpg 600w\" loading=\"eager\" sizes=\"(max-width: 600px) 100vw, 600px\" width=\"600\" height=\"500\"  data-dt-location=\"https:\/\/vivasteam.com\/ro\/kitchen-steam-cleaning\/oven-grill-steam-cleaning\/\" style=\"--ratio: 600 \/ 500;\" alt=\"\" \/><\/div><\/div><\/div>[\/vc_column][\/vc_row][vc_row equal_height=&#8221;yes&#8221; content_placement=&#8221;middle&#8221; bg_type=&#8221;bg_color&#8221; bg_override=&#8221;ex-full&#8221; type=&#8221;vc_default&#8221; css=&#8221;.vc_custom_1694609856742{background-color: #ffffff !important;}&#8221; bg_color_value=&#8221;#ffffff&#8221;][vc_column css=&#8221;.vc_custom_1695041159517{padding-top: 30px !important;padding-bottom: 30px !important;}&#8221; offset=&#8221;vc_col-lg-offset-0 vc_col-lg-12 vc_col-md-offset-0 vc_col-md-12&#8243;][vc_column_text]<\/p>\n<h2>Economia de timp \u015fi efort<\/h2>\n<p>[\/vc_column_text][vc_empty_space height=&#8221;30px&#8221;][vc_column_text]Cur\u0103\u0163area cu aburi poate fi o solu\u0163ie pentru economia de timp \u00een buc\u0103t\u0103rie. Aburii cu temperatura \u00eenalt\u0103 ajut\u0103 la descompunerea rapid\u0103 a murd\u0103riei \u015fi petelor, reduc\u00e2nd necesitatea de frecare \u015fi \u015ftergere \u00een exces. Acesta poate face cur\u0103\u0163area mai eficient\u0103, mai ales c\u00e2nd ave\u0163i de a face cu pete persistente sau zone greu de cur\u0103\u0163at.[\/vc_column_text][vc_empty_space height=&#8221;20px&#8221;][\/vc_column][\/vc_row][vc_row equal_height=&#8221;yes&#8221; content_placement=&#8221;middle&#8221; bg_type=&#8221;bg_color&#8221; bg_override=&#8221;ex-full&#8221; type=&#8221;vc_default&#8221; css=&#8221;.vc_custom_1694609856742{background-color: #ffffff !important;}&#8221; bg_color_value=&#8221;#ffffff&#8221;][vc_column css=&#8221;.vc_custom_1695041159517{padding-top: 30px !important;padding-bottom: 30px !important;}&#8221; offset=&#8221;vc_col-lg-offset-0 vc_col-lg-12 vc_col-md-offset-0 vc_col-md-12&#8243;][vc_column_text]<\/p>\n<h2>Reducerea alergenilor<\/h2>\n<p>[\/vc_column_text][vc_empty_space height=&#8221;30px&#8221;][vc_column_text]Cur\u0103\u0163area cu abur nu doar c\u0103 elimin\u0103 murd\u0103ria vizibil\u0103, ci ajut\u0103 \u015fi la eliminarea alergenilor precum acarienii de praf, polenul \u015fi m\u0103trea\u0163a animalelor de companie. Ceea ce poate fi util pentru persoane alergice sau sensibilit\u0103\u0163i resporatorii, deoarece aduce un mediu de buc\u0103t\u0103rie care este mai curat \u015fi s\u0103n\u0103tos.[\/vc_column_text][vc_empty_space height=&#8221;20px&#8221;][\/vc_column][\/vc_row][vc_row][vc_column width=&#8221;1\/2&#8243;]<style type=\"text\/css\" data-type=\"the7_shortcodes-inline-css\">.shortcode-single-image-wrap.shortcode-single-image-3a404421cfde0d8264fb8938929efe16.enable-bg-rollover .rollover i,\n.shortcode-single-image-wrap.shortcode-single-image-3a404421cfde0d8264fb8938929efe16.enable-bg-rollover .rollover-video i {\n  background: -webkit-linear-gradient();\n  background: linear-gradient();\n}\n.shortcode-single-image-wrap.shortcode-single-image-3a404421cfde0d8264fb8938929efe16 .rollover-icon {\n  font-size: 32px;\n  color: #ffffff;\n  min-width: 44px;\n  min-height: 44px;\n  line-height: 44px;\n  border-radius: 100px;\n  border-style: solid;\n  border-width: 0px;\n}\n.dt-icon-bg-on.shortcode-single-image-wrap.shortcode-single-image-3a404421cfde0d8264fb8938929efe16 .rollover-icon {\n  background: rgba(255,255,255,0.3);\n  box-shadow: none;\n}\n<\/style><div class=\"shortcode-single-image-wrap shortcode-single-image-3a404421cfde0d8264fb8938929efe16 alignnone  enable-bg-rollover dt-icon-bg-off\" style=\"margin-top:0px; margin-bottom:0px; margin-left:0px; margin-right:0px; width:600px;\"><div class=\"shortcode-single-image\"><div class=\"fancy-media-wrap  layzr-bg\" style=\"\"><img decoding=\"async\" class=\"preload-me lazy-load aspect\" src=\"data:image\/svg+xml,%3Csvg%20xmlns%3D&#39;http%3A%2F%2Fwww.w3.org%2F2000%2Fsvg&#39;%20viewBox%3D&#39;0%200%20600%20500&#39;%2F%3E\" data-src=\"https:\/\/vivasteam.com\/wp-content\/uploads\/2023\/09\/mold-steam-removal.jpg\" data-srcset=\"https:\/\/vivasteam.com\/wp-content\/uploads\/2023\/09\/mold-steam-removal.jpg 600w\" loading=\"eager\" sizes=\"(max-width: 600px) 100vw, 600px\" width=\"600\" height=\"500\"  data-dt-location=\"https:\/\/vivasteam.com\/ro\/kitchen-steam-cleaning\/mold-steam-removal\/\" style=\"--ratio: 600 \/ 500;\" alt=\"\" \/><\/div><\/div><\/div>[\/vc_column][vc_column width=&#8221;1\/2&#8243;]<style type=\"text\/css\" data-type=\"the7_shortcodes-inline-css\">.shortcode-single-image-wrap.shortcode-single-image-8b4fbde1a1f885cdac8c53da54c6ca22.enable-bg-rollover .rollover i,\n.shortcode-single-image-wrap.shortcode-single-image-8b4fbde1a1f885cdac8c53da54c6ca22.enable-bg-rollover .rollover-video i {\n  background: -webkit-linear-gradient();\n  background: linear-gradient();\n}\n.shortcode-single-image-wrap.shortcode-single-image-8b4fbde1a1f885cdac8c53da54c6ca22 .rollover-icon {\n  font-size: 32px;\n  color: #ffffff;\n  min-width: 44px;\n  min-height: 44px;\n  line-height: 44px;\n  border-radius: 100px;\n  border-style: solid;\n  border-width: 0px;\n}\n.dt-icon-bg-on.shortcode-single-image-wrap.shortcode-single-image-8b4fbde1a1f885cdac8c53da54c6ca22 .rollover-icon {\n  background: rgba(255,255,255,0.3);\n  box-shadow: none;\n}\n<\/style><div class=\"shortcode-single-image-wrap shortcode-single-image-8b4fbde1a1f885cdac8c53da54c6ca22 alignnone  enable-bg-rollover dt-icon-bg-off\" style=\"margin-top:0px; margin-bottom:0px; margin-left:0px; margin-right:0px; width:600px;\"><div class=\"shortcode-single-image\"><div class=\"fancy-media-wrap  layzr-bg\" style=\"\"><img decoding=\"async\" class=\"preload-me lazy-load aspect\" src=\"data:image\/svg+xml,%3Csvg%20xmlns%3D&#39;http%3A%2F%2Fwww.w3.org%2F2000%2Fsvg&#39;%20viewBox%3D&#39;0%200%20600%20500&#39;%2F%3E\" data-src=\"https:\/\/vivasteam.com\/wp-content\/uploads\/2023\/09\/kitchen-sink-steam-cleaning.jpg\" data-srcset=\"https:\/\/vivasteam.com\/wp-content\/uploads\/2023\/09\/kitchen-sink-steam-cleaning.jpg 600w\" loading=\"eager\" sizes=\"(max-width: 600px) 100vw, 600px\" width=\"600\" height=\"500\"  data-dt-location=\"https:\/\/vivasteam.com\/ro\/kitchen-steam-cleaning\/kitchen-sink-steam-cleaning\/\" style=\"--ratio: 600 \/ 500;\" alt=\"\" \/><\/div><\/div><\/div>[\/vc_column][\/vc_row][vc_row equal_height=&#8221;yes&#8221; content_placement=&#8221;middle&#8221; bg_type=&#8221;bg_color&#8221; bg_override=&#8221;ex-full&#8221; type=&#8221;vc_default&#8221; css=&#8221;.vc_custom_1694609856742{background-color: #ffffff !important;}&#8221; bg_color_value=&#8221;#ffffff&#8221;][vc_column css=&#8221;.vc_custom_1695041159517{padding-top: 30px !important;padding-bottom: 30px !important;}&#8221; offset=&#8221;vc_col-lg-offset-0 vc_col-lg-12 vc_col-md-offset-0 vc_col-md-12&#8243;][vc_column_text]<\/p>\n<h2>Eliminarea mirosurilor<\/h2>\n<p>[\/vc_column_text][vc_empty_space height=&#8221;30px&#8221;][vc_column_text]C\u0103ldura aburilor poate neutraliza eficient \u015fi elimina mirosurile nepl\u0103cute din buc\u0103t\u0103rie, precum sunt mirosurile durabile de m\u00e2ncare sau mirosurile re\u0163inute \u00een aparate. Cur\u0103\u0163area cu abur aduce miros curat \u015fi proasp\u0103t f\u0103r\u0103 s\u0103 fie necesare solu\u0163ii chimice pentru \u00eemprosp\u0103tarea aerului.[\/vc_column_text][vc_empty_space height=&#8221;20px&#8221;][\/vc_column][\/vc_row][vc_row bg_type=&#8221;bg_color&#8221; bg_override=&#8221;ex-full&#8221; type=&#8221;vc_default&#8221; bg_color_value=&#8221;#f5f5f5&#8243; css=&#8221;.vc_custom_1516803630405{padding-top: 45px !important;padding-bottom: 55px !important;}&#8221;][vc_column][vc_column_text]<\/p>\n<h4 style=\"text-align: center;\"><strong>Contacta\u0163i-ne! Ne bucur\u0103m c\u0103 avem ocazia s\u0103 ne conect\u0103m cu voi.<\/strong><\/h4>\n<p>[\/vc_column_text][vc_empty_space height=&#8221;25px&#8221;][vc_column_text]<\/p>\n<p style=\"text-align: center;\"><span style=\"color: #333333;\">Aqua Viva d.o.o.<\/span><\/p>\n<p style=\"text-align: center;\"><span style=\"color: #333333;\">Preserska cesta 4, 1235 Radomlje, Slovenia<\/span><\/p>\n<p>[\/vc_column_text][vc_column_text]<\/p>\n<p style=\"text-align: center;\"><span style=\"color: #333333;\">+386 (0)1 724 64 70<\/span><\/p>\n<p>[\/vc_column_text][vc_empty_space height=&#8221;15px&#8221;]<div class=\" vc_custom_1456922448725 uavc-icons-center uavc-icons \">\n<a class=\"aio-tooltip 69d292aee829a\" href=\"https:\/\/www.facebook.com\/vivasteam\/\" target=\"_blank\" rel=\"noopener\"  data-toggle=\"tooltip\" data-placement=\"top\" title=\"facebook\"><div class=\"aio-icon advanced \" data-animation=\"\" data-animation-delay=\"03\" style=\"color:#d0d0d0;background:rgba(0,0,0,0.01);border-style:solid;border-color:#d0d0d0;border-width:2px;width:28px;height:28px;line-height:28px;border-radius:500px;font-size:16px;margin-right:3px;\">\n\t<i class=\"icomoon-the7-font-facebook\"><\/i>\n<\/div><\/a>\n<a class=\"aio-tooltip 69d292aee8371\" href=\"https:\/\/www.youtube.com\/@VivaSteamCleaner\" target=\"_blank\" rel=\"noopener\"  data-toggle=\"tooltip\" data-placement=\"top\" title=\"youtube\"><div class=\"aio-icon advanced \" data-animation=\"\" data-animation-delay=\"03\" style=\"color:#d0d0d0;background:rgba(0,0,0,0.01);border-style:solid;border-color:#d0d0d0;border-width:2px;width:28px;height:28px;line-height:28px;border-radius:500px;font-size:16px;margin-right:3px;\">\n\t<i class=\"icomoon-the7-font-youtube\"><\/i>\n<\/div><\/a><\/div>[\/vc_column][\/vc_row]<\/p>\n<\/div>","protected":false},"excerpt":{"rendered":"<p>[vc_row bg_type=&#8221;grad&#8221; bg_override=&#8221;ex-full&#8221; type=&#8221;vc_default&#8221; bg_grad=&#8221;background: -webkit-gradient(linear, left top, left bottom, color-stop(0%, #FFFFFF), color-stop(98%, #F5F5F5));background: -moz-linear-gradient(top,#FFFFFF 0%,#F5F5F5 98%);background: -webkit-linear-gradient(top,#FFFFFF 0%,#F5F5F5 98%);background: -o-linear-gradient(top,#FFFFFF 0%,#F5F5F5 98%);background: -ms-linear-gradient(top,#FFFFFF 0%,#F5F5F5 98%);background: linear-gradient(top,#FFFFFF 0%,#F5F5F5 98%);&#8221; css=&#8221;.vc_custom_1694609936314{margin-bottom: 0px !important;}&#8221;][vc_column offset=&#8221;vc_col-lg-offset-2 vc_col-lg-8 vc_col-md-offset-2 vc_col-md-8&#8243;][vc_column_text] Curatenie cu abur de bucatarie [\/vc_column_text][vc_empty_space height=&#8221;30px&#8221;][vc_column_text] Cur\u0103\u0163area cu aburi a buc\u0103t\u0103riei voastre ofer\u0103 c\u00e2teva avantaje fa\u0163\u0103 de metodele&hellip;<\/p>\n","protected":false},"author":1,"featured_media":0,"parent":0,"menu_order":0,"comment_status":"closed","ping_status":"closed","template":"template-microsite.php","meta":{"om_disable_all_campaigns":false,"_monsterinsights_skip_tracking":false,"_monsterinsights_sitenote_active":false,"_monsterinsights_sitenote_note":"","_monsterinsights_sitenote_category":0,"_uf_show_specific_survey":0,"_uf_disable_surveys":false,"footnotes":""},"class_list":["post-1726","page","type-page","status-publish","hentry","description-off"],"aioseo_notices":[],"_links":{"self":[{"href":"https:\/\/vivasteam.com\/ro\/wp-json\/wp\/v2\/pages\/1726","targetHints":{"allow":["GET"]}}],"collection":[{"href":"https:\/\/vivasteam.com\/ro\/wp-json\/wp\/v2\/pages"}],"about":[{"href":"https:\/\/vivasteam.com\/ro\/wp-json\/wp\/v2\/types\/page"}],"author":[{"embeddable":true,"href":"https:\/\/vivasteam.com\/ro\/wp-json\/wp\/v2\/users\/1"}],"replies":[{"embeddable":true,"href":"https:\/\/vivasteam.com\/ro\/wp-json\/wp\/v2\/comments?post=1726"}],"version-history":[{"count":5,"href":"https:\/\/vivasteam.com\/ro\/wp-json\/wp\/v2\/pages\/1726\/revisions"}],"predecessor-version":[{"id":1731,"href":"https:\/\/vivasteam.com\/ro\/wp-json\/wp\/v2\/pages\/1726\/revisions\/1731"}],"wp:attachment":[{"href":"https:\/\/vivasteam.com\/ro\/wp-json\/wp\/v2\/media?parent=1726"}],"curies":[{"name":"wp","href":"https:\/\/api.w.org\/{rel}","templated":true}]}}